{"id":8577,"date":"2025-08-29T10:33:29","date_gmt":"2025-08-29T08:33:29","guid":{"rendered":"https:\/\/www.kleine-wege.de\/KW\/?page_id=8577"},"modified":"2026-02-19T14:23:37","modified_gmt":"2026-02-19T13:23:37","slug":"zertifizierungskurse","status":"publish","type":"page","link":"https:\/\/www.kleine-wege.de\/KW\/zertifizierungskurse\/","title":{"rendered":"Zertifizierungskurse"},"content":{"rendered":"<div class=\"fusion-fullwidth fullwidth-box fusion-builder-row-1 fusion-flex-container nonhundred-percent-fullwidth non-hundred-percent-height-scrolling\" style=\"background-color: rgba(255,255,255,0);background-position: center center;background-repeat: no-repeat;border-width: 0px 0px 0px 0px;border-color:#e2e2e2;border-style:solid;\" ><div class=\"fusion-builder-row fusion-row fusion-flex-align-items-flex-start\" style=\"max-width:1365px;margin-left: calc(-5% \/ 2 );margin-right: calc(-5% \/ 2 );\"><div class=\"fusion-layout-column fusion_builder_column fusion-builder-column-0 fusion_builder_column_1_1 1_1 fusion-flex-column\"><div class=\"fusion-column-wrapper fusion-flex-justify-content-flex-start fusion-content-layout-column\" style=\"background-position:left top;background-repeat:no-repeat;-webkit-background-size:cover;-moz-background-size:cover;-o-background-size:cover;background-size:cover;padding: 0px 0px 0px 0px;\"><style type=\"text\/css\">@media only screen and (max-width:1177px) {.fusion-title.fusion-title-1{margin-top:5px!important;margin-bottom:15px!important;}}@media only screen and (max-width:700px) {.fusion-title.fusion-title-1{margin-top:10px!important;margin-bottom:20px!important;}}<\/style><div class=\"fusion-title title fusion-title-1 fusion-sep-none fusion-title-text fusion-title-size-one\" style=\"margin-top:5px;margin-bottom:15px;\"><h1 class=\"title-heading-left\" style=\"margin:0;\"><h6>Unsere Zertifizierungskurse<\/h6><\/h1><\/div><div class=\"table-1\">\n<table colspan=\"4\"  width=\"100%\" border=\"1\" bordercolor=\"efefef\" cellspacing=\"2\" cellpadding=\"14\">\n\n<thead>\n<tr>\n<th height=\"70px\" bgcolor=\"#f1f1f1\" align=\"left\" width=\"13%\"><strong>Datum<\/strong><\/th>\n<th height=\"70px\" bgcolor=\"#f1f1f1\" align=\"left\" width=\"40%\"><strong>Seminar<\/strong><\/th>\n<th height=\"70px\" bgcolor=\"#f1f1f1\" align=\"left\" width=\"10%\"><strong>Einheiten<\/strong><\/th>\n<th height=\"70px\" bgcolor=\"#f1f1f1\" align=\"right\" width=\"10%\"><strong>Preis<\/strong><\/th>\n<th height=\"70px\" bgcolor=\"#f1f1f1\" align=\"left\" width=\"20%\"><strong>Unterrichtsform<\/strong><\/th>\n<th height=\"70px\" bgcolor=\"#f1f1f1\" align=\"left\" width=\"14%\"><strong>Kategorie<\/strong><\/th>\n<\/tr>\n<\/thead>\n<tbody>\n\n\n\n\n\n\n\t\n\n\n\n\n<tr>\n<td align=\"left\">ab 03.09.2026<\/td>\n<td align=\"left\"><a href=\"https:\/\/www.kleine-wege.de\/KW\/zertifizierungskurs-grundlagen-autismus-foerderung-unterstuetzung\/\"><b>Zertifizierungskurs <br> Grundlagen der autismusspezifischen F\u00f6rderung und Unterst\u00fctzung<\/b><br> <span style=\"background-color: #efdadd\"> mit Yvette Schatz <\/span>\n<\/a><\/td>\n<td align=\"left\">115 UE<\/td>\n<td align=\"right\">1900,00\u20ac<\/td>\n<td align=\"left\"><img src=\"https:\/\/www.kleine-wege.de\/KW\/wp-content\/uploads\/2022\/01\/icon_praesenz.png\" alt=\"Icon Webinar height=\" width=\"30px\" \/> \u00a0 Nordhausen<\/td>\n<td align=\"left\" bgcolor=\"#9f2031\"><font color=#FFFFFF>Zertifizierungskurs<\/td>\n<\/tr>\n\n\n\t\n\n\n\n\n\n\n\n\n\t\n\n\t\n\t\n\n\t\n\t\n\n\n\n\n\n\n<tr>\n<td align=\"left\">ab 12.02.2026<\/td>\n<td align=\"left\"><a href=\"https:\/\/www.kleine-wege.de\/KW\/zertifizierungskurs-3-fruehfoerderung-kindern-autismus-spektrum-stoerung\"><b>Zertifizierungskurs <br>Fr\u00fchf\u00f6rderung von Kindern mit Autismus-Spektrum-St\u00f6rung <\/b> <span style=\"background-color: #efdadd\"> <br>mit Yvette Schatz <\/span>\n<\/a><\/td>\n<td align=\"left\">105 UE<\/td>\n<td align=\"right\">1850,00\u20ac<\/td>\n<td align=\"left\"><img src=\"https:\/\/www.kleine-wege.de\/KW\/wp-content\/uploads\/2022\/01\/icon_webinar.png\" alt=\"Icon Webinar height=\" width=\"30px\" \/> \u00a0<b>Live<\/b>-Onlineseminar <br><br><img src=\"https:\/\/www.kleine-wege.de\/KW\/wp-content\/uploads\/2022\/01\/icon_praesenz.png\" alt=\"Icon Webinar height=\" width=\"30px\" \/> \u00a0 Nordhausen<br>(Dieser Kurs ist ein <strong>Blended-learning-kurs<\/strong>)<\/td>\n<td align=\"left\" bgcolor=\"#9f2031\"><font color=#FFFFFF>Zertifizierungskurs<\/td>\n<\/tr>\n\n\n\n\n\n\n\n\n\n\n\n\n\n\n\n\n\n<\/tbody>\n<\/table>\n<\/div>\n\t<\/div><\/div><style type=\"text\/css\">.fusion-body .fusion-builder-column-0{width:100% !important;margin-top : 0px;margin-bottom : 20px;}.fusion-builder-column-0 > .fusion-column-wrapper {padding-top : 0px !important;padding-right : 0px !important;margin-right : 2.375%;padding-bottom : 0px !important;padding-left : 0px !important;margin-left : 2.375%;}@media only screen and (max-width:1177px) {.fusion-body .fusion-builder-column-0{width:100% !important;order : 0;}.fusion-builder-column-0 > .fusion-column-wrapper {margin-right : 2.375%;margin-left : 2.375%;}}@media only screen and (max-width:700px) {.fusion-body .fusion-builder-column-0{width:100% !important;order : 0;}.fusion-builder-column-0 > .fusion-column-wrapper {margin-right : 2.375%;margin-left : 2.375%;}}<\/style><\/div><style type=\"text\/css\">.fusion-body .fusion-flex-container.fusion-builder-row-1{ padding-top : 0px;margin-top : 0px;padding-right : 0px;padding-bottom : 0px;margin-bottom : 0px;padding-left : 0px;}<\/style><\/div>\n","protected":false},"excerpt":{"rendered":"","protected":false},"author":1,"featured_media":0,"parent":0,"menu_order":0,"comment_status":"closed","ping_status":"closed","template":"","meta":[],"yoast_head":"<!-- This site is optimized with the Yoast SEO plugin v19.1 - https:\/\/yoast.com\/wordpress\/plugins\/seo\/ -->\n<title>Zertifizierungskurse - KleineWege\u00ae<\/title>\n<meta name=\"robots\" content=\"index, follow, max-snippet:-1, max-image-preview:large, max-video-preview:-1\" \/>\n<link rel=\"canonical\" href=\"https:\/\/www.kleine-wege.de\/KW\/zertifizierungskurse\/\" \/>\n<meta property=\"og:locale\" content=\"de_DE\" \/>\n<meta property=\"og:type\" content=\"article\" \/>\n<meta property=\"og:title\" content=\"Zertifizierungskurse - KleineWege\u00ae\" \/>\n<meta property=\"og:url\" content=\"https:\/\/www.kleine-wege.de\/KW\/zertifizierungskurse\/\" \/>\n<meta property=\"og:site_name\" content=\"KleineWege\u00ae\" \/>\n<meta property=\"article:modified_time\" content=\"2026-02-19T13:23:37+00:00\" \/>\n<meta name=\"twitter:card\" content=\"summary_large_image\" \/>\n<meta name=\"twitter:label1\" content=\"Gesch\u00e4tzte Lesezeit\" \/>\n\t<meta name=\"twitter:data1\" content=\"4\u00a0Minuten\" \/>\n<script type=\"application\/ld+json\" class=\"yoast-schema-graph\">{\"@context\":\"https:\/\/schema.org\",\"@graph\":[{\"@type\":\"WebSite\",\"@id\":\"https:\/\/www.kleine-wege.de\/KW\/#website\",\"url\":\"https:\/\/www.kleine-wege.de\/KW\/\",\"name\":\"KleineWege\u00ae\",\"description\":\"F\u00f6rderung autistischer Menschen Heilp\u00e4dagogik im Konzept KleineWege\u00ae\",\"potentialAction\":[{\"@type\":\"SearchAction\",\"target\":{\"@type\":\"EntryPoint\",\"urlTemplate\":\"https:\/\/www.kleine-wege.de\/KW\/?s={search_term_string}\"},\"query-input\":\"required name=search_term_string\"}],\"inLanguage\":\"de\"},{\"@type\":\"WebPage\",\"@id\":\"https:\/\/www.kleine-wege.de\/KW\/zertifizierungskurse\/#webpage\",\"url\":\"https:\/\/www.kleine-wege.de\/KW\/zertifizierungskurse\/\",\"name\":\"Zertifizierungskurse - KleineWege\u00ae\",\"isPartOf\":{\"@id\":\"https:\/\/www.kleine-wege.de\/KW\/#website\"},\"datePublished\":\"2025-08-29T08:33:29+00:00\",\"dateModified\":\"2026-02-19T13:23:37+00:00\",\"breadcrumb\":{\"@id\":\"https:\/\/www.kleine-wege.de\/KW\/zertifizierungskurse\/#breadcrumb\"},\"inLanguage\":\"de\",\"potentialAction\":[{\"@type\":\"ReadAction\",\"target\":[\"https:\/\/www.kleine-wege.de\/KW\/zertifizierungskurse\/\"]}]},{\"@type\":\"BreadcrumbList\",\"@id\":\"https:\/\/www.kleine-wege.de\/KW\/zertifizierungskurse\/#breadcrumb\",\"itemListElement\":[{\"@type\":\"ListItem\",\"position\":1,\"name\":\"Startseite\",\"item\":\"https:\/\/www.kleine-wege.de\/KW\/\"},{\"@type\":\"ListItem\",\"position\":2,\"name\":\"Zertifizierungskurse\"}]}]}<\/script>\n<!-- \/ Yoast SEO plugin. -->","yoast_head_json":{"title":"Zertifizierungskurse - KleineWege\u00ae","robots":{"index":"index","follow":"follow","max-snippet":"max-snippet:-1","max-image-preview":"max-image-preview:large","max-video-preview":"max-video-preview:-1"},"canonical":"https:\/\/www.kleine-wege.de\/KW\/zertifizierungskurse\/","og_locale":"de_DE","og_type":"article","og_title":"Zertifizierungskurse - KleineWege\u00ae","og_url":"https:\/\/www.kleine-wege.de\/KW\/zertifizierungskurse\/","og_site_name":"KleineWege\u00ae","article_modified_time":"2026-02-19T13:23:37+00:00","twitter_card":"summary_large_image","twitter_misc":{"Gesch\u00e4tzte Lesezeit":"4\u00a0Minuten"},"schema":{"@context":"https:\/\/schema.org","@graph":[{"@type":"WebSite","@id":"https:\/\/www.kleine-wege.de\/KW\/#website","url":"https:\/\/www.kleine-wege.de\/KW\/","name":"KleineWege\u00ae","description":"F\u00f6rderung autistischer Menschen Heilp\u00e4dagogik im Konzept KleineWege\u00ae","potentialAction":[{"@type":"SearchAction","target":{"@type":"EntryPoint","urlTemplate":"https:\/\/www.kleine-wege.de\/KW\/?s={search_term_string}"},"query-input":"required name=search_term_string"}],"inLanguage":"de"},{"@type":"WebPage","@id":"https:\/\/www.kleine-wege.de\/KW\/zertifizierungskurse\/#webpage","url":"https:\/\/www.kleine-wege.de\/KW\/zertifizierungskurse\/","name":"Zertifizierungskurse - KleineWege\u00ae","isPartOf":{"@id":"https:\/\/www.kleine-wege.de\/KW\/#website"},"datePublished":"2025-08-29T08:33:29+00:00","dateModified":"2026-02-19T13:23:37+00:00","breadcrumb":{"@id":"https:\/\/www.kleine-wege.de\/KW\/zertifizierungskurse\/#breadcrumb"},"inLanguage":"de","potentialAction":[{"@type":"ReadAction","target":["https:\/\/www.kleine-wege.de\/KW\/zertifizierungskurse\/"]}]},{"@type":"BreadcrumbList","@id":"https:\/\/www.kleine-wege.de\/KW\/zertifizierungskurse\/#breadcrumb","itemListElement":[{"@type":"ListItem","position":1,"name":"Startseite","item":"https:\/\/www.kleine-wege.de\/KW\/"},{"@type":"ListItem","position":2,"name":"Zertifizierungskurse"}]}]}},"_links":{"self":[{"href":"https:\/\/www.kleine-wege.de\/KW\/wp-json\/wp\/v2\/pages\/8577"}],"collection":[{"href":"https:\/\/www.kleine-wege.de\/KW\/wp-json\/wp\/v2\/pages"}],"about":[{"href":"https:\/\/www.kleine-wege.de\/KW\/wp-json\/wp\/v2\/types\/page"}],"author":[{"embeddable":true,"href":"https:\/\/www.kleine-wege.de\/KW\/wp-json\/wp\/v2\/users\/1"}],"replies":[{"embeddable":true,"href":"https:\/\/www.kleine-wege.de\/KW\/wp-json\/wp\/v2\/comments?post=8577"}],"version-history":[{"count":5,"href":"https:\/\/www.kleine-wege.de\/KW\/wp-json\/wp\/v2\/pages\/8577\/revisions"}],"predecessor-version":[{"id":8815,"href":"https:\/\/www.kleine-wege.de\/KW\/wp-json\/wp\/v2\/pages\/8577\/revisions\/8815"}],"wp:attachment":[{"href":"https:\/\/www.kleine-wege.de\/KW\/wp-json\/wp\/v2\/media?parent=8577"}],"curies":[{"name":"wp","href":"https:\/\/api.w.org\/{rel}","templated":true}]}}